{"id":1043,"date":"2023-08-30T10:43:17","date_gmt":"2023-08-30T10:43:17","guid":{"rendered":"https:\/\/barakahtrading.com\/?post_type=product&#038;p=1043"},"modified":"2023-08-30T10:43:17","modified_gmt":"2023-08-30T10:43:17","slug":"secrets-within-the-order-of-the-quran","status":"publish","type":"product","link":"https:\/\/barakahtrading.com\/index.php\/product\/secrets-within-the-order-of-the-quran\/","title":{"rendered":"Secrets Within the Order of the Qur&#8217;an"},"content":{"rendered":"<p>his unique book displays the genius of al-Suy\u016b\u1e6d\u012b in an exegesis of the Qur\u02be\u0101n. Through his deep reflection and knowledge of the Quran and its related sciences, he provides insights into why its chapters are ordered so and unveil intricacies to the reader which could only have been unearthed by one possessing such mastery and genius. The author states at many junctures within the book that he is displaying his reflections to the reader, so one is given the opportunity through this intimate writing style to ponder over the Qur\u02be\u0101n from the perspective of a true tafs\u012br master.<\/p>\n<p>From the back cover:<\/p>\n<p>Qat\u0101dah (d. 118) said, \u201cBy Allah, they would find in the Qur\u02bean that which would impede sinfulness, if only they contemplated upon it and comprehended it.\u201d [Tafs\u012br al-\u1e6cabar\u012b]<\/p>\n<p>Al-Shawk\u0101n\u012b (d. 1250) said, \u201cAl-Suy\u016b\u1e6d\u012b was a major im\u0101m and a prolific author. He was given authorization (ij\u0101zah) by the major scholars of his time from different countries and towns. He excelled in the various sciences and surpassed his peers; he gained distinction and his acclaim spread far and wide. From his beneficial works are his two J\u0101mi\u02bf collections of \u1e25ad\u012bth, al-Durr al-Manth\u016br, and al-Itq\u0101n f\u012b \u02bfUl\u016bm al-Qur\u02be\u0101n.\u201d [Summarized<br \/>\nfrom his biography in al-Badr al-\u1e6c\u0101li\u02bf (1\/328-335)]<\/p>\n<p>The author said, \u201c[I have aimed to produce an interesting book about a special theme]\u2014that being the rationale of the order of the s\u016brahs\u2014so it can help and save the time of one who is after such knowledge. Most of its content is from my own thoughts, contemplation, and insights since only a few people have touched upon this topic. I have explicitly given reference to that which I used from others, and I would only mention that which is good and would not make me subject to criticism.\u201d<\/p>\n","protected":false},"excerpt":{"rendered":"<p>his unique book displays the genius of al-Suy\u016b\u1e6d\u012b in an exegesis of the Qur\u02be\u0101n. Through his deep reflection and knowledge of the Quran and its related sciences, he provides insights into why its chapters are ordered so and unveil intricacies to the reader which could only have been unearthed by one possessing such mastery and [&hellip;]<\/p>\n","protected":false},"featured_media":1044,"comment_status":"open","ping_status":"closed","template":"","meta":{"_et_pb_use_builder":"","_et_pb_old_content":"","_et_gb_content_width":""},"pwb-brand":[],"product_cat":[28],"product_tag":[36,79],"jetpack_sharing_enabled":true,"brands":[],"_links":{"self":[{"href":"https:\/\/barakahtrading.com\/index.php\/wp-json\/wp\/v2\/product\/1043"}],"collection":[{"href":"https:\/\/barakahtrading.com\/index.php\/wp-json\/wp\/v2\/product"}],"about":[{"href":"https:\/\/barakahtrading.com\/index.php\/wp-json\/wp\/v2\/types\/product"}],"replies":[{"embeddable":true,"href":"https:\/\/barakahtrading.com\/index.php\/wp-json\/wp\/v2\/comments?post=1043"}],"wp:featuredmedia":[{"embeddable":true,"href":"https:\/\/barakahtrading.com\/index.php\/wp-json\/wp\/v2\/media\/1044"}],"wp:attachment":[{"href":"https:\/\/barakahtrading.com\/index.php\/wp-json\/wp\/v2\/media?parent=1043"}],"wp:term":[{"taxonomy":"pwb-brand","embeddable":true,"href":"https:\/\/barakahtrading.com\/index.php\/wp-json\/wp\/v2\/pwb-brand?post=1043"},{"taxonomy":"product_cat","embeddable":true,"href":"https:\/\/barakahtrading.com\/index.php\/wp-json\/wp\/v2\/product_cat?post=1043"},{"taxonomy":"product_tag","embeddable":true,"href":"https:\/\/barakahtrading.com\/index.php\/wp-json\/wp\/v2\/product_tag?post=1043"}],"curies":[{"name":"wp","href":"https:\/\/api.w.org\/{rel}","templated":true}]}}