{"id":1345,"date":"2023-09-04T11:03:19","date_gmt":"2023-09-04T11:03:19","guid":{"rendered":"https:\/\/barakahtrading.com\/?post_type=product&#038;p=1345"},"modified":"2023-09-04T11:03:19","modified_gmt":"2023-09-04T11:03:19","slug":"treasures-from-the-noble-quran","status":"publish","type":"product","link":"https:\/\/barakahtrading.com\/index.php\/product\/treasures-from-the-noble-quran\/","title":{"rendered":"Treasures from the Noble Qur\u2019an"},"content":{"rendered":"<p>The following is an explanation of some verses from the Mighty Book of All\u0101h. I wrote it because, while reciting the Noble Qur&#8217;\u0101n, I pass by some verses and some of the treasures therein come to mind; thus, I wanted to illustrate those treasures. This goal was achieved\u2014and all praises belong to All\u0101h\u2014with the writing of this book; and while editing the book, I thought to write concerning some other verses as well.<\/p>\n<p>This book contains speech on verses from chapters in the Qur\u2019\u0101n\u2014all of the Suwar which appear before al-Mufas\u0323s\u0323al. Most of the verses cover one topic in that particular s\u016brah, and sometimes more than one topic is discussed in that s\u016br\u0101h. As for al-Mufas\u0323s\u0323al\u2014which begins with S\u016brah Q\u0101f\u2014the topics cover a range of 15 various subjects. I derived benefit in what I wrote from the books of tafs\u012br by Ibn Jar\u012br, al-Qurt\u0323ub\u012b, Ibn Kath\u012br, ash-Shawk\u0101n\u012b, and ash-Shinq\u012bt\u0323\u012b (may All\u0101h have mercy upon them).<\/p>\n","protected":false},"excerpt":{"rendered":"<p>The following is an explanation of some verses from the Mighty Book of All\u0101h. I wrote it because, while reciting the Noble Qur&#8217;\u0101n, I pass by some verses and some of the treasures therein come to mind; thus, I wanted to illustrate those treasures. This goal was achieved\u2014and all praises belong to All\u0101h\u2014with the writing [&hellip;]<\/p>\n","protected":false},"featured_media":1347,"comment_status":"open","ping_status":"closed","template":"","meta":{"_et_pb_use_builder":"","_et_pb_old_content":"","_et_gb_content_width":""},"pwb-brand":[],"product_cat":[81],"product_tag":[89,121],"jetpack_sharing_enabled":true,"brands":[],"_links":{"self":[{"href":"https:\/\/barakahtrading.com\/index.php\/wp-json\/wp\/v2\/product\/1345"}],"collection":[{"href":"https:\/\/barakahtrading.com\/index.php\/wp-json\/wp\/v2\/product"}],"about":[{"href":"https:\/\/barakahtrading.com\/index.php\/wp-json\/wp\/v2\/types\/product"}],"replies":[{"embeddable":true,"href":"https:\/\/barakahtrading.com\/index.php\/wp-json\/wp\/v2\/comments?post=1345"}],"wp:featuredmedia":[{"embeddable":true,"href":"https:\/\/barakahtrading.com\/index.php\/wp-json\/wp\/v2\/media\/1347"}],"wp:attachment":[{"href":"https:\/\/barakahtrading.com\/index.php\/wp-json\/wp\/v2\/media?parent=1345"}],"wp:term":[{"taxonomy":"pwb-brand","embeddable":true,"href":"https:\/\/barakahtrading.com\/index.php\/wp-json\/wp\/v2\/pwb-brand?post=1345"},{"taxonomy":"product_cat","embeddable":true,"href":"https:\/\/barakahtrading.com\/index.php\/wp-json\/wp\/v2\/product_cat?post=1345"},{"taxonomy":"product_tag","embeddable":true,"href":"https:\/\/barakahtrading.com\/index.php\/wp-json\/wp\/v2\/product_tag?post=1345"}],"curies":[{"name":"wp","href":"https:\/\/api.w.org\/{rel}","templated":true}]}}